{"id":1445,"date":"2024-10-05T02:21:58","date_gmt":"2024-10-05T00:21:58","guid":{"rendered":"https:\/\/www.grupogreta.es\/rechtlicher-hinweis\/"},"modified":"2025-03-29T16:49:42","modified_gmt":"2025-03-29T14:49:42","slug":"rechtlicher-hinweis","status":"publish","type":"page","link":"https:\/\/www.grupogreta.es\/de\/rechtlicher-hinweis\/","title":{"rendered":"Rechtlicher Hinweis"},"content":{"rendered":"\t\t<div data-elementor-type=\"wp-page\" data-elementor-id=\"1445\" class=\"elementor elementor-1445 elementor-294\" data-elementor-settings=\"{&quot;element_pack_global_tooltip_width&quot;:{&quot;unit&quot;:&quot;px&quot;,&quot;size&quot;:&quot;&quot;,&quot;sizes&quot;:[]},&quot;element_pack_global_tooltip_width_laptop&quot;:{&quot;unit&quot;:&quot;px&quot;,&quot;size&quot;:&quot;&quot;,&quot;sizes&quot;:[]},&quot;element_pack_global_tooltip_width_tablet&quot;:{&quot;unit&quot;:&quot;px&quot;,&quot;size&quot;:&quot;&quot;,&quot;sizes&quot;:[]},&quot;element_pack_global_tooltip_width_mobile&quot;:{&quot;unit&quot;:&quot;px&quot;,&quot;size&quot;:&quot;&quot;,&quot;sizes&quot;:[]},&quot;element_pack_global_tooltip_padding&quot;:{&quot;unit&quot;:&quot;px&quot;,&quot;top&quot;:&quot;&quot;,&quot;right&quot;:&quot;&quot;,&quot;bottom&quot;:&quot;&quot;,&quot;left&quot;:&quot;&quot;,&quot;isLinked&quot;:true},&quot;element_pack_global_tooltip_padding_laptop&quot;:{&quot;unit&quot;:&quot;px&quot;,&quot;top&quot;:&quot;&quot;,&quot;right&quot;:&quot;&quot;,&quot;bottom&quot;:&quot;&quot;,&quot;left&quot;:&quot;&quot;,&quot;isLinked&quot;:true},&quot;element_pack_global_tooltip_padding_tablet&quot;:{&quot;unit&quot;:&quot;px&quot;,&quot;top&quot;:&quot;&quot;,&quot;right&quot;:&quot;&quot;,&quot;bottom&quot;:&quot;&quot;,&quot;left&quot;:&quot;&quot;,&quot;isLinked&quot;:true},&quot;element_pack_global_tooltip_padding_mobile&quot;:{&quot;unit&quot;:&quot;px&quot;,&quot;top&quot;:&quot;&quot;,&quot;right&quot;:&quot;&quot;,&quot;bottom&quot;:&quot;&quot;,&quot;left&quot;:&quot;&quot;,&quot;isLinked&quot;:true},&quot;element_pack_global_tooltip_border_radius&quot;:{&quot;unit&quot;:&quot;px&quot;,&quot;top&quot;:&quot;&quot;,&quot;right&quot;:&quot;&quot;,&quot;bottom&quot;:&quot;&quot;,&quot;left&quot;:&quot;&quot;,&quot;isLinked&quot;:true},&quot;element_pack_global_tooltip_border_radius_laptop&quot;:{&quot;unit&quot;:&quot;px&quot;,&quot;top&quot;:&quot;&quot;,&quot;right&quot;:&quot;&quot;,&quot;bottom&quot;:&quot;&quot;,&quot;left&quot;:&quot;&quot;,&quot;isLinked&quot;:true},&quot;element_pack_global_tooltip_border_radius_tablet&quot;:{&quot;unit&quot;:&quot;px&quot;,&quot;top&quot;:&quot;&quot;,&quot;right&quot;:&quot;&quot;,&quot;bottom&quot;:&quot;&quot;,&quot;left&quot;:&quot;&quot;,&quot;isLinked&quot;:true},&quot;element_pack_global_tooltip_border_radius_mobile&quot;:{&quot;unit&quot;:&quot;px&quot;,&quot;top&quot;:&quot;&quot;,&quot;right&quot;:&quot;&quot;,&quot;bottom&quot;:&quot;&quot;,&quot;left&quot;:&quot;&quot;,&quot;isLinked&quot;:true}}\">\n\t\t\t\t<div class=\"elementor-element elementor-element-2073108 e-flex e-con-boxed e-con e-parent\" data-id=\"2073108\" data-element_type=\"container\" data-e-type=\"container\">\n\t\t\t\t\t<div class=\"e-con-inner\">\n\t\t\t\t<div class=\"elementor-element elementor-element-1b23e2f elementor-widget elementor-widget-heading\" data-id=\"1b23e2f\" data-element_type=\"widget\" data-e-type=\"widget\" data-widget_type=\"heading.default\">\n\t\t\t\t<div class=\"elementor-widget-container\">\n\t\t\t\t\t<h2 class=\"elementor-heading-title elementor-size-default\">Rechtlicher Hinweis<\/h2>\t\t\t\t<\/div>\n\t\t\t\t<\/div>\n\t\t\t\t<div class=\"elementor-element elementor-element-2031103 elementor-widget elementor-widget-text-editor\" data-id=\"2031103\" data-element_type=\"widget\" data-e-type=\"widget\" data-widget_type=\"text-editor.default\">\n\t\t\t\t<div class=\"elementor-widget-container\">\n\t\t\t\t\t\t\t\t\t<p class=\"western\" lang=\"ca-ES\"><span style=\"font-family: Arial, serif;\"><span style=\"font-size: medium;\"><span lang=\"es-ES\">In Erf\u00fcllung des spanischen Gesetzes 34\/2002 vom 11. Juli \u00fcber die Dienstleistungen der Informationsgesellschaft und den elektronischen Gesch\u00e4ftsverkehr (LSSI-CE) informiert Sie das Unternehmen, dass es Eigent\u00fcmer der Website ist. Gem\u00e4\u00df den Anforderungen in Artikel 10 des oben genannten Gesetzes macht das Unternehmen folgende Angaben: <\/span><\/span><\/span><\/p>\n<p class=\"western\" lang=\"ca-ES\"><span style=\"font-family: Arial, serif;\"><span style=\"font-size: medium;\"><span lang=\"es-ES\">Der Eigent\u00fcmer dieser Website ist:<\/span><\/span><\/span><\/p>\n\n<table width=\"780\" cellspacing=\"0\" cellpadding=\"20\">\n<tbody>\n<tr>\n<td width=\"169\">\n<p class=\"western\"><span style=\"font-family: Times New Roman, serif;\">Firmenname<\/span><\/p>\n<\/td>\n<td width=\"531\">\n<p class=\"western\"><span style=\"font-family: Times New Roman, serif;\">GRUPO GRETA IBERIA, SL<\/span><\/p>\n<\/td>\n<\/tr>\n<tr>\n<td width=\"169\">\n<p class=\"western\"><span style=\"font-family: Times New Roman, serif;\">B56705908<\/span><\/p>\n<\/td>\n<td width=\"531\">\n<p class=\"western\"><span style=\"font-family: Times New Roman, serif;\">B56705908<\/span><\/p>\n<\/td>\n<\/tr>\n<tr>\n<td width=\"169\">\n<p class=\"western\"><span style=\"font-family: Times New Roman, serif;\">Stra\u00dfe<\/span><\/p>\n<\/td>\n<td width=\"531\">\n<p class=\"western\"><span style=\"font-family: Times New Roman, serif;\">AMETLLERS, 2<\/span><\/p>\n<\/td>\n<\/tr>\n<tr>\n<td width=\"169\">\n<p class=\"western\"><span style=\"font-family: Times New Roman, serif;\">Postleitzahl<\/span><\/p>\n<\/td>\n<td width=\"531\">\n<p class=\"western\"><span style=\"font-family: Times New Roman, serif;\">43770<\/span><\/p>\n<\/td>\n<\/tr>\n<tr>\n<td width=\"169\">\n<p class=\"western\"><span style=\"font-family: Times New Roman, serif;\">Ort<\/span><\/p>\n<\/td>\n<td width=\"531\">\n<p class=\"western\"><span style=\"font-family: Times New Roman, serif;\">M\u00d3RA LA NOVA<\/span><\/p>\n<\/td>\n<\/tr>\n<tr>\n<td width=\"169\">\n<p class=\"western\"><span style=\"font-family: Times New Roman, serif;\">Region<\/span><\/p>\n<\/td>\n<td width=\"531\">\n<p class=\"western\"><span style=\"font-family: Times New Roman, serif;\">TARRAGONA<\/span><\/p>\n<\/td>\n<\/tr>\n<tr>\n<td width=\"169\">\n<p class=\"western\"><span style=\"font-family: Times New Roman, serif;\">Eintrag im Handelsregister Tarragona, Band 3404, Folio 119, Seite T-61183, 1. Eintragung<\/span><\/p>\n<\/td>\n<td width=\"531\">\n<p class=\"western\"><\/p>\n<\/td>\n<\/tr>\n<\/tbody>\n<\/table>\n<p class=\"western\" lang=\"ca-ES\"><span style=\"font-family: Arial, serif;\"><span style=\"font-size: medium;\"><span lang=\"es-ES\"><b>Benutzer<\/b><\/span><\/span><\/span><\/p>\n<p class=\"western\" lang=\"ca-ES\"><span style=\"font-family: Arial, serif;\"><span style=\"font-size: medium;\"><span lang=\"es-ES\">Der Zugang und\/oder die Nutzung dieser Website setzt voraus, dass der BENUTZER im Zuge dessen die vorliegenden Allgemeinen Nutzungsbedingungen akzeptiert. Diese gelten unabh\u00e4ngig von den gegebenenfalls zwingend einzuhaltenden Allgemeinen Vertragsbedingungen. <\/span><\/span><\/span><\/p>\n<p class=\"western\" lang=\"ca-ES\"><span style=\"font-family: Arial, serif;\"><span style=\"font-size: medium;\"><span lang=\"es-ES\"><b>Nutzung der Website<\/b><\/span><\/span><\/span><\/p>\n<p class=\"western\" lang=\"ca-ES\"><span style=\"font-family: Arial, serif;\"><span style=\"font-size: medium;\"><span lang=\"es-ES\">Die Website bietet Zugang zu einer Vielzahl von Informationen, Dienstleistungen, Programmen oder Daten (im Folgenden \u201edie Inhalte\u201c) im Internet, die GRUPO GRETA IBERIA, SL oder ihren Lizenzgebern geh\u00f6ren und zu denen der BENUTZER Zugang haben kann. Der BENUTZER haftet f\u00fcr die Nutzung der Website. Diese Haftung erstreckt sich auch auf die Registrierung, die f\u00fcr den Zugang zu bestimmten Dienstleistungen oder Inhalten erforderlich sein kann.  <\/span><\/span><\/span><\/p>\n<p class=\"western\" lang=\"ca-ES\"><span style=\"font-family: Arial, serif;\"><span style=\"font-size: medium;\"><span lang=\"es-ES\">Bei dieser Registrierung haftet der BENUTZER daf\u00fcr, wahrheitsgem\u00e4\u00dfe und rechtm\u00e4\u00dfige Angaben zu machen. Infolge der Registrierung kann der BENUTZER ein Passwort erhalten, f\u00fcr das er verantwortlich ist und sich verpflichtet, es sorgf\u00e4ltig und vertraulich zu verwenden. Der BENUTZER verpflichtet sich, die Inhalte und Dienste, die GRUPO GRETA IBERIA, SL auf seiner Website anbietet, angemessen zu nutzen und sie unter anderem nicht f\u00fcr folgende Zwecke zu verwenden:  <\/span><\/span><\/span><\/p>\n\n<ol>\n \t<li>\n<p class=\"western\" lang=\"ca-ES\"><span style=\"font-family: Arial, serif;\"><span style=\"font-size: medium;\"><span lang=\"es-ES\">Handlungen, die ungesetzlich oder illegal sind oder gegen Treu und Glauben und die \u00f6ffentliche Ordnung versto\u00dfen;<\/span><\/span><\/span><\/p>\n<\/li>\n \t<li>\n<p class=\"western\" lang=\"ca-ES\"><span style=\"font-family: Arial, serif;\"><span style=\"font-size: medium;\"><span lang=\"es-ES\">Inhalte oder Propaganda mit rassistischem, fremdenfeindlichem, pornografischem, illegalem, terroristischem oder menschenrechtsverletzendem Charakter zu verbreiten;<\/span><\/span><\/span><\/p>\n<\/li>\n<\/ol>\n<ul>\n \t<li>\n<p class=\"western\" lang=\"ca-ES\"><span style=\"font-family: Arial, serif;\"><span style=\"font-size: medium;\"><span lang=\"es-ES\">Sch\u00e4den an den physischen und logischen Systemen von GRUPO GRETA IBERIA, SL, seinen Lieferanten oder Dritten zu verursachen, Computerviren im Netzwerk oder anderen physischen oder logischen Systemen einzuf\u00fchren oder zu verbreiten, die die vorgenannten Sch\u00e4den verursachen k\u00f6nnen;<\/span><\/span><\/span><\/p>\n<\/li>\n<\/ul>\n<ol>\n \t<li>\n<p class=\"western\" lang=\"ca-ES\"><span style=\"font-family: Arial, serif;\"><span style=\"font-size: medium;\"><span lang=\"es-ES\">Versuche des Zugriffs auf die E-Mail-Konten anderer Benutzer und gegebenenfalls deren Nutzung und die Ver\u00e4nderung oder Verf\u00e4lschung ihrer Nachrichten. GRUPO GRETA IBERIA, SL beh\u00e4lt sich das Recht vor, alle Kommentare und Beitr\u00e4ge zu entfernen, die gegen die Achtung der Menschenw\u00fcrde versto\u00dfen, diskriminierend, fremdenfeindlich, rassistisch oder pornografisch sind, Jugendlichen oder Kindern schaden, die \u00f6ffentliche Ordnung oder Sicherheit verletzen oder die nach Meinung des Unternehmens nicht zur Ver\u00f6ffentlichung geeignet sind. In jedem Fall haftet GRUPO GRETA IBERIA, SL nicht f\u00fcr die von den Benutzern in Foren, Chats oder anderen Beteiligungsinstrumenten ge\u00e4u\u00dferten Meinungen.  <\/span><\/span><\/span><\/p>\n<\/li>\n<\/ol>\n<p class=\"western\" lang=\"ca-ES\"><\/p>\n<p class=\"western\" lang=\"ca-ES\"><span style=\"font-family: Arial, serif;\"><span style=\"font-size: medium;\"><span lang=\"es-ES\"><b>Urheberrecht<\/b><\/span><\/span><\/span><\/p>\n<p class=\"western\" lang=\"ca-ES\"><span style=\"font-family: Arial, serif;\"><span style=\"font-size: medium;\"><span lang=\"es-ES\">GRUPO GRETA IBERIA, SL ist Eigent\u00fcmer aller geistigen und gewerblichen Eigentumsrechte seiner Webseite sowie der darin enthaltenen Elemente (unter anderem Bilder, Ton, Audio, Video, Software oder Texte; Marken oder Logos, Farbkombinationen, Struktur und Design, Auswahl der verwendeten Materialien; f\u00fcr den Betrieb, Zugang und die Nutzung erforderliche Computerprogramme usw.).<\/span><\/span><\/span><\/p>\n<p class=\"western\" lang=\"ca-ES\"><span style=\"font-family: Arial, serif;\"><span style=\"font-size: medium;\"><span lang=\"es-ES\">Alle Rechte vorbehalten. Gem\u00e4\u00df den Bestimmungen in den Artikeln 8 und 32.1, zweiter Absatz, des spanischen Urheberrechtsgesetzes, sind die Vervielf\u00e4ltigung, Verbreitung und \u00f6ffentliche Bekanntmachung, einschlie\u00dflich der Bereitstellung, des gesamten oder teilweisen Inhalts dieser Website zu kommerziellen Zwecken in beliebigen Medien und mit beliebigen technischen Mitteln ohne Genehmigung von GRUPO GRETA IBERIA, SL ausdr\u00fccklich verboten. Der BENUTZER verpflichtet sich, die Rechte des geistigen und gewerblichen Eigentums von GRUPO GRETA IBERIA, SL zu respektieren. Der BENUTZER darf die Elemente der Website ansehen und sogar ausdrucken, kopieren und auf der Festplatte seines Computers oder auf einem anderen physischen Medium speichern, solange dies einzig und allein zu seinem pers\u00f6nlichen und privaten Gebrauch geschieht. Der BENUTZER darf keine auf den Seiten von GRUPO GRETA IBERIA, SL installierten Schutzvorrichtungen oder Sicherheitssysteme l\u00f6schen, ver\u00e4ndern, umgehen oder manipulieren.    <\/span><\/span><\/span><\/p>\n<p class=\"western\" lang=\"ca-ES\"><span style=\"font-family: Arial, serif;\"><span style=\"font-size: medium;\"><span lang=\"es-ES\"><b>Gew\u00e4hrleistungs- und Haftungsausschluss<\/b><\/span><\/span><\/span><\/p>\n<p class=\"western\" lang=\"ca-ES\"><span style=\"font-family: Arial, serif;\"><span style=\"font-size: medium;\"><span lang=\"es-ES\">GRUPO GRETA IBERIA, SL haftet keinesfalls f\u00fcr Sch\u00e4den jeglicher Art, die durch Fehler oder Auslassungen in den Inhalten, mangelnde Verf\u00fcgbarkeit der Website oder die \u00dcbertragung von Viren oder b\u00f6sartigen oder sch\u00e4dlichen Programmen in den Inhalten verursacht werden k\u00f6nnen, obwohl alle notwendigen technischen Ma\u00dfnahmen zu deren Vermeidung getroffen wurden.<\/span><\/span><\/span><\/p>\n<p class=\"western\" lang=\"ca-ES\"><span style=\"font-family: Arial, serif;\"><span style=\"font-size: medium;\"><span lang=\"es-ES\"><b>\u00c4nderungen<\/b><\/span><\/span><\/span><\/p>\n<p class=\"western\" lang=\"ca-ES\"><span style=\"font-family: Arial, serif;\"><span style=\"font-size: medium;\"><span lang=\"es-ES\">GRUPO GRETA IBERIA, SL beh\u00e4lt sich das Recht vor, ohne Vorank\u00fcndigung \u00c4nderungen an seiner Website vorzunehmen und kann sowohl den Inhalt und die Dienste, die dort angeboten werden, als auch die Art und Weise, wie sie pr\u00e4sentiert werden, \u00e4ndern, l\u00f6schen oder hinzuf\u00fcgen.<\/span><\/span><\/span><\/p>\n<p class=\"western\" lang=\"ca-ES\"><span style=\"font-family: Arial, serif;\"><span style=\"font-size: medium;\"><span lang=\"es-ES\"><b>Links<\/b><\/span><\/span><\/span><\/p>\n<p class=\"western\" lang=\"ca-ES\"><span style=\"font-family: Arial, serif;\"><span style=\"font-size: medium;\"><span lang=\"es-ES\">Sollte die Website Links oder Hyperlinks zu anderen Websites enthalten, \u00fcbt GRUPO GRETA IBERIA, SL keinerlei Kontrolle \u00fcber diese Seiten und Inhalte aus. GRUPO GRETA IBERIA, SL haftet keinesfalls f\u00fcr den Inhalt eines Links einer externen Website und garantiert auch nicht die technische Verf\u00fcgbarkeit, Qualit\u00e4t, Zuverl\u00e4ssigkeit, Genauigkeit, Vollst\u00e4ndigkeit, Wahrhaftigkeit, G\u00fcltigkeit und Verfassungsm\u00e4\u00dfigkeit von Material oder Informationen, die in einem dieser Hyperlinks oder auf anderen Websites enthalten sind. <\/span><\/span><\/span><\/p>\n<p class=\"western\" lang=\"ca-ES\"><span style=\"font-family: Arial, serif;\"><span style=\"font-size: medium;\"><span lang=\"es-ES\">Au\u00dferdem stellt die Aufnahme dieser externen Verlinkungen keinerlei Assoziierung, Fusion oder Beteiligung mit den verlinkten Einrichtungen dar.<\/span><\/span><\/span><\/p>\n<p class=\"western\" lang=\"ca-ES\"><span style=\"font-family: Arial, serif;\"><span style=\"font-size: medium;\"><span lang=\"es-ES\"><b>Ausschlussrecht<\/b><\/span><\/span><\/span><\/p>\n<p class=\"western\" lang=\"ca-ES\"><span style=\"font-family: Arial, serif;\"><span style=\"font-size: medium;\"><span lang=\"es-ES\">GRUPO GRETA IBERIA, SL beh\u00e4lt sich das Recht vor, ohne Vorank\u00fcndigung, auf eigenen Wunsch oder auf Wunsch eines Dritten, den Zugang zur Website und\/oder zu den angebotenen Diensten denjenigen Benutzern zu verweigern oder zu entziehen, die die vorliegenden Allgemeinen Nutzungsbedingungen nicht einhalten.<\/span><\/span><\/span><\/p>\n<p class=\"western\" lang=\"ca-ES\"><\/p>\n<p class=\"western\" lang=\"ca-ES\"><span style=\"font-family: Arial, serif;\"><span style=\"font-size: medium;\"><span lang=\"es-ES\"><b>Allgemeines<\/b><\/span><\/span><\/span><\/p>\n<p class=\"western\" lang=\"ca-ES\"><span style=\"font-family: Arial, serif;\"><span style=\"font-size: medium;\"><span lang=\"es-ES\">GRUPO GRETA IBERIA, SL wird die Verletzung dieser Bedingungen sowie jede missbr\u00e4uchliche Nutzung seiner Website verfolgen und alle dem Unternehmen gesetzlich zustehenden zivil- und strafrechtlichen Ma\u00dfnahmen ergreifen.<\/span><\/span><\/span><\/p>\n<p class=\"western\" lang=\"ca-ES\"><span style=\"font-family: Arial, serif;\"><span style=\"font-size: medium;\"><span lang=\"es-ES\"><b>\u00c4nderung und G\u00fcltigkeit dieser Bedingungen<\/b><\/span><\/span><\/span><\/p>\n<p class=\"western\" lang=\"ca-ES\"><span style=\"font-family: Arial, serif;\"><span style=\"font-size: medium;\"><span lang=\"es-ES\">GRUPO GRETA IBERIA, SL kann die hier festgelegten Bedingungen jederzeit \u00e4ndern, die in der hier genannten Version ordnungsgem\u00e4\u00df ver\u00f6ffentlicht werden.<\/span><\/span><\/span><\/p>\n<p class=\"western\" lang=\"ca-ES\"><span style=\"font-family: Arial, serif;\"><span style=\"font-size: medium;\"><span lang=\"es-ES\">Die G\u00fcltigkeit dieser Bedingungen h\u00e4ngt von Ihrer Ausstellung ab und besteht so lange, bis die Bedingungen durch andere, ordnungsgem\u00e4\u00df ver\u00f6ffentlichte Bedingungen ge\u00e4ndert werden.<\/span><\/span><\/span><\/p>\n<p class=\"western\" lang=\"ca-ES\"><span style=\"font-family: Arial, serif;\"><span style=\"font-size: medium;\"><span lang=\"es-ES\"><b>Geltendes Recht und Gerichtsbarkeit<\/b><\/span><\/span><\/span><\/p>\n<p class=\"western\" lang=\"ca-ES\"><span style=\"font-family: Arial, serif;\"><span style=\"font-size: medium;\"><span lang=\"es-ES\">Die Beziehung zwischen GRUPO GRETA IBERIA, SL und dem BENUTZER unterliegt der geltenden spanischen Gesetzgebung, und Streitigkeiten werden den Gerichten und Gerichtsh\u00f6fen der oben genannten Stadt vorgelegt.<\/span><\/span><\/span><\/p>\n<p class=\"western\" lang=\"ca-ES\" align=\"center\"> <a name=\"_GoBack\"><\/a><span style=\"font-family: Arial, serif;\"><span style=\"font-size: medium;\"><span lang=\"es-ES\"><b>GRUPO GRETA IBERIA<\/b><\/span><\/span><\/span><b> <\/b><\/p>\n<p class=\"western\" lang=\"ca-ES\" align=\"center\"><span style=\"color: #272626;\"><span style=\"font-family: Arial, serif;\"><span style=\"font-size: small;\"><span lang=\"es-ES\">Stra\u00dfe Ametllers, 2 -43770- M\u00f3ra la Nova (Tarragona)<\/span><\/span><\/span><\/span><\/p>\t\t\t\t\t\t\t\t<\/div>\n\t\t\t\t<\/div>\n\t\t\t\t\t<\/div>\n\t\t\t\t<\/div>\n\t\t\t\t<\/div>\n\t\t","protected":false},"excerpt":{"rendered":"<p>Rechtlicher Hinweis In Erf\u00fcllung des spanischen Gesetzes 34\/2002 vom 11. Juli \u00fcber die Dienstleistungen der Informationsgesellschaft und den elektronischen Gesch\u00e4ftsverkehr (LSSI-CE) informiert [&hellip;]<\/p>\n","protected":false},"author":1,"featured_media":0,"parent":0,"menu_order":0,"comment_status":"closed","ping_status":"closed","template":"","meta":{"footnotes":""},"class_list":["post-1445","page","type-page","status-publish","hentry"],"yoast_head":"<!-- This site is optimized with the Yoast SEO plugin v27.1.1 - https:\/\/yoast.com\/product\/yoast-seo-wordpress\/ -->\n<title>Rechtlicher Hinweis - Grupo Greta<\/title>\n<meta name=\"robots\" content=\"index, follow, max-snippet:-1, max-image-preview:large, max-video-preview:-1\" \/>\n<link rel=\"canonical\" href=\"https:\/\/www.grupogreta.es\/de\/rechtlicher-hinweis\/\" \/>\n<meta property=\"og:locale\" content=\"de_DE\" \/>\n<meta property=\"og:type\" content=\"article\" \/>\n<meta property=\"og:title\" content=\"Rechtlicher Hinweis - Grupo Greta\" \/>\n<meta property=\"og:description\" content=\"Rechtlicher Hinweis In Erf\u00fcllung des spanischen Gesetzes 34\/2002 vom 11. Juli \u00fcber die Dienstleistungen der Informationsgesellschaft und den elektronischen Gesch\u00e4ftsverkehr (LSSI-CE) informiert [&hellip;]\" \/>\n<meta property=\"og:url\" content=\"https:\/\/www.grupogreta.es\/de\/rechtlicher-hinweis\/\" \/>\n<meta property=\"og:site_name\" content=\"Grupo Greta\" \/>\n<meta property=\"article:modified_time\" content=\"2025-03-29T14:49:42+00:00\" \/>\n<meta name=\"twitter:card\" content=\"summary_large_image\" \/>\n<meta name=\"twitter:label1\" content=\"Gesch\u00e4tzte Lesezeit\" \/>\n\t<meta name=\"twitter:data1\" content=\"5\u00a0Minuten\" \/>\n<script type=\"application\/ld+json\" class=\"yoast-schema-graph\">{\"@context\":\"https:\/\/schema.org\",\"@graph\":[{\"@type\":\"WebPage\",\"@id\":\"https:\/\/www.grupogreta.es\/de\/rechtlicher-hinweis\/\",\"url\":\"https:\/\/www.grupogreta.es\/de\/rechtlicher-hinweis\/\",\"name\":\"Rechtlicher Hinweis - Grupo Greta\",\"isPartOf\":{\"@id\":\"https:\/\/www.grupogreta.es\/de\/#website\"},\"datePublished\":\"2024-10-05T00:21:58+00:00\",\"dateModified\":\"2025-03-29T14:49:42+00:00\",\"breadcrumb\":{\"@id\":\"https:\/\/www.grupogreta.es\/de\/rechtlicher-hinweis\/#breadcrumb\"},\"inLanguage\":\"de\",\"potentialAction\":[{\"@type\":\"ReadAction\",\"target\":[\"https:\/\/www.grupogreta.es\/de\/rechtlicher-hinweis\/\"]}]},{\"@type\":\"BreadcrumbList\",\"@id\":\"https:\/\/www.grupogreta.es\/de\/rechtlicher-hinweis\/#breadcrumb\",\"itemListElement\":[{\"@type\":\"ListItem\",\"position\":1,\"name\":\"Portada\",\"item\":\"https:\/\/www.grupogreta.es\/de\/start\/\"},{\"@type\":\"ListItem\",\"position\":2,\"name\":\"Rechtlicher Hinweis\"}]},{\"@type\":\"WebSite\",\"@id\":\"https:\/\/www.grupogreta.es\/de\/#website\",\"url\":\"https:\/\/www.grupogreta.es\/de\/\",\"name\":\"Grupo Greta\",\"description\":\"\u00a1Si puedes imaginarlo, podemos hacerlo! Expositores, showrooms, tiendas, stands, eventos... \u00a1Est\u00e1s en las mejores manos!\",\"publisher\":{\"@id\":\"https:\/\/www.grupogreta.es\/de\/#organization\"},\"potentialAction\":[{\"@type\":\"SearchAction\",\"target\":{\"@type\":\"EntryPoint\",\"urlTemplate\":\"https:\/\/www.grupogreta.es\/de\/?s={search_term_string}\"},\"query-input\":{\"@type\":\"PropertyValueSpecification\",\"valueRequired\":true,\"valueName\":\"search_term_string\"}}],\"inLanguage\":\"de\"},{\"@type\":\"Organization\",\"@id\":\"https:\/\/www.grupogreta.es\/de\/#organization\",\"name\":\"Grupo Greta\",\"url\":\"https:\/\/www.grupogreta.es\/de\/\",\"logo\":{\"@type\":\"ImageObject\",\"inLanguage\":\"de\",\"@id\":\"https:\/\/www.grupogreta.es\/de\/#\/schema\/logo\/image\/\",\"url\":\"https:\/\/mle6vnzjawlb.i.optimole.com\/cb:421w.39ee2\/w:auto\/h:auto\/q:mauto\/f:best\/ig:avif\/https:\/\/www.grupogreta.es\/wp-content\/uploads\/2024\/10\/GrupoGretaH.png\",\"contentUrl\":\"https:\/\/mle6vnzjawlb.i.optimole.com\/cb:421w.39ee2\/w:auto\/h:auto\/q:mauto\/f:best\/ig:avif\/https:\/\/www.grupogreta.es\/wp-content\/uploads\/2024\/10\/GrupoGretaH.png\",\"width\":2000,\"height\":531,\"caption\":\"Grupo Greta\"},\"image\":{\"@id\":\"https:\/\/www.grupogreta.es\/de\/#\/schema\/logo\/image\/\"}}]}<\/script>\n<!-- \/ Yoast SEO plugin. -->","yoast_head_json":{"title":"Rechtlicher Hinweis - Grupo Greta","robots":{"index":"index","follow":"follow","max-snippet":"max-snippet:-1","max-image-preview":"max-image-preview:large","max-video-preview":"max-video-preview:-1"},"canonical":"https:\/\/www.grupogreta.es\/de\/rechtlicher-hinweis\/","og_locale":"de_DE","og_type":"article","og_title":"Rechtlicher Hinweis - Grupo Greta","og_description":"Rechtlicher Hinweis In Erf\u00fcllung des spanischen Gesetzes 34\/2002 vom 11. Juli \u00fcber die Dienstleistungen der Informationsgesellschaft und den elektronischen Gesch\u00e4ftsverkehr (LSSI-CE) informiert [&hellip;]","og_url":"https:\/\/www.grupogreta.es\/de\/rechtlicher-hinweis\/","og_site_name":"Grupo Greta","article_modified_time":"2025-03-29T14:49:42+00:00","twitter_card":"summary_large_image","twitter_misc":{"Gesch\u00e4tzte Lesezeit":"5\u00a0Minuten"},"schema":{"@context":"https:\/\/schema.org","@graph":[{"@type":"WebPage","@id":"https:\/\/www.grupogreta.es\/de\/rechtlicher-hinweis\/","url":"https:\/\/www.grupogreta.es\/de\/rechtlicher-hinweis\/","name":"Rechtlicher Hinweis - Grupo Greta","isPartOf":{"@id":"https:\/\/www.grupogreta.es\/de\/#website"},"datePublished":"2024-10-05T00:21:58+00:00","dateModified":"2025-03-29T14:49:42+00:00","breadcrumb":{"@id":"https:\/\/www.grupogreta.es\/de\/rechtlicher-hinweis\/#breadcrumb"},"inLanguage":"de","potentialAction":[{"@type":"ReadAction","target":["https:\/\/www.grupogreta.es\/de\/rechtlicher-hinweis\/"]}]},{"@type":"BreadcrumbList","@id":"https:\/\/www.grupogreta.es\/de\/rechtlicher-hinweis\/#breadcrumb","itemListElement":[{"@type":"ListItem","position":1,"name":"Portada","item":"https:\/\/www.grupogreta.es\/de\/start\/"},{"@type":"ListItem","position":2,"name":"Rechtlicher Hinweis"}]},{"@type":"WebSite","@id":"https:\/\/www.grupogreta.es\/de\/#website","url":"https:\/\/www.grupogreta.es\/de\/","name":"Grupo Greta","description":"\u00a1Si puedes imaginarlo, podemos hacerlo! Expositores, showrooms, tiendas, stands, eventos... \u00a1Est\u00e1s en las mejores manos!","publisher":{"@id":"https:\/\/www.grupogreta.es\/de\/#organization"},"potentialAction":[{"@type":"SearchAction","target":{"@type":"EntryPoint","urlTemplate":"https:\/\/www.grupogreta.es\/de\/?s={search_term_string}"},"query-input":{"@type":"PropertyValueSpecification","valueRequired":true,"valueName":"search_term_string"}}],"inLanguage":"de"},{"@type":"Organization","@id":"https:\/\/www.grupogreta.es\/de\/#organization","name":"Grupo Greta","url":"https:\/\/www.grupogreta.es\/de\/","logo":{"@type":"ImageObject","inLanguage":"de","@id":"https:\/\/www.grupogreta.es\/de\/#\/schema\/logo\/image\/","url":"https:\/\/mle6vnzjawlb.i.optimole.com\/cb:421w.39ee2\/w:auto\/h:auto\/q:mauto\/f:best\/ig:avif\/https:\/\/www.grupogreta.es\/wp-content\/uploads\/2024\/10\/GrupoGretaH.png","contentUrl":"https:\/\/mle6vnzjawlb.i.optimole.com\/cb:421w.39ee2\/w:auto\/h:auto\/q:mauto\/f:best\/ig:avif\/https:\/\/www.grupogreta.es\/wp-content\/uploads\/2024\/10\/GrupoGretaH.png","width":2000,"height":531,"caption":"Grupo Greta"},"image":{"@id":"https:\/\/www.grupogreta.es\/de\/#\/schema\/logo\/image\/"}}]}},"_links":{"self":[{"href":"https:\/\/www.grupogreta.es\/de\/wp-json\/wp\/v2\/pages\/1445","targetHints":{"allow":["GET"]}}],"collection":[{"href":"https:\/\/www.grupogreta.es\/de\/wp-json\/wp\/v2\/pages"}],"about":[{"href":"https:\/\/www.grupogreta.es\/de\/wp-json\/wp\/v2\/types\/page"}],"author":[{"embeddable":true,"href":"https:\/\/www.grupogreta.es\/de\/wp-json\/wp\/v2\/users\/1"}],"replies":[{"embeddable":true,"href":"https:\/\/www.grupogreta.es\/de\/wp-json\/wp\/v2\/comments?post=1445"}],"version-history":[{"count":1,"href":"https:\/\/www.grupogreta.es\/de\/wp-json\/wp\/v2\/pages\/1445\/revisions"}],"predecessor-version":[{"id":1446,"href":"https:\/\/www.grupogreta.es\/de\/wp-json\/wp\/v2\/pages\/1445\/revisions\/1446"}],"wp:attachment":[{"href":"https:\/\/www.grupogreta.es\/de\/wp-json\/wp\/v2\/media?parent=1445"}],"curies":[{"name":"wp","href":"https:\/\/api.w.org\/{rel}","templated":true}]}}