{"id":1285,"date":"2024-10-04T18:04:56","date_gmt":"2024-10-04T16:04:56","guid":{"rendered":"https:\/\/www.grupogreta.es\/wartung\/"},"modified":"2025-03-24T18:44:06","modified_gmt":"2025-03-24T16:44:06","slug":"wartung","status":"publish","type":"page","link":"https:\/\/www.grupogreta.es\/de\/wartung\/","title":{"rendered":"Wartung"},"content":{"rendered":"\t\t<div data-elementor-type=\"wp-page\" data-elementor-id=\"1285\" class=\"elementor elementor-1285 elementor-12\" data-elementor-settings=\"{&quot;element_pack_global_tooltip_width&quot;:{&quot;unit&quot;:&quot;px&quot;,&quot;size&quot;:&quot;&quot;,&quot;sizes&quot;:[]},&quot;element_pack_global_tooltip_width_laptop&quot;:{&quot;unit&quot;:&quot;px&quot;,&quot;size&quot;:&quot;&quot;,&quot;sizes&quot;:[]},&quot;element_pack_global_tooltip_width_tablet&quot;:{&quot;unit&quot;:&quot;px&quot;,&quot;size&quot;:&quot;&quot;,&quot;sizes&quot;:[]},&quot;element_pack_global_tooltip_width_mobile&quot;:{&quot;unit&quot;:&quot;px&quot;,&quot;size&quot;:&quot;&quot;,&quot;sizes&quot;:[]},&quot;element_pack_global_tooltip_padding&quot;:{&quot;unit&quot;:&quot;px&quot;,&quot;top&quot;:&quot;&quot;,&quot;right&quot;:&quot;&quot;,&quot;bottom&quot;:&quot;&quot;,&quot;left&quot;:&quot;&quot;,&quot;isLinked&quot;:true},&quot;element_pack_global_tooltip_padding_laptop&quot;:{&quot;unit&quot;:&quot;px&quot;,&quot;top&quot;:&quot;&quot;,&quot;right&quot;:&quot;&quot;,&quot;bottom&quot;:&quot;&quot;,&quot;left&quot;:&quot;&quot;,&quot;isLinked&quot;:true},&quot;element_pack_global_tooltip_padding_tablet&quot;:{&quot;unit&quot;:&quot;px&quot;,&quot;top&quot;:&quot;&quot;,&quot;right&quot;:&quot;&quot;,&quot;bottom&quot;:&quot;&quot;,&quot;left&quot;:&quot;&quot;,&quot;isLinked&quot;:true},&quot;element_pack_global_tooltip_padding_mobile&quot;:{&quot;unit&quot;:&quot;px&quot;,&quot;top&quot;:&quot;&quot;,&quot;right&quot;:&quot;&quot;,&quot;bottom&quot;:&quot;&quot;,&quot;left&quot;:&quot;&quot;,&quot;isLinked&quot;:true},&quot;element_pack_global_tooltip_border_radius&quot;:{&quot;unit&quot;:&quot;px&quot;,&quot;top&quot;:&quot;&quot;,&quot;right&quot;:&quot;&quot;,&quot;bottom&quot;:&quot;&quot;,&quot;left&quot;:&quot;&quot;,&quot;isLinked&quot;:true},&quot;element_pack_global_tooltip_border_radius_laptop&quot;:{&quot;unit&quot;:&quot;px&quot;,&quot;top&quot;:&quot;&quot;,&quot;right&quot;:&quot;&quot;,&quot;bottom&quot;:&quot;&quot;,&quot;left&quot;:&quot;&quot;,&quot;isLinked&quot;:true},&quot;element_pack_global_tooltip_border_radius_tablet&quot;:{&quot;unit&quot;:&quot;px&quot;,&quot;top&quot;:&quot;&quot;,&quot;right&quot;:&quot;&quot;,&quot;bottom&quot;:&quot;&quot;,&quot;left&quot;:&quot;&quot;,&quot;isLinked&quot;:true},&quot;element_pack_global_tooltip_border_radius_mobile&quot;:{&quot;unit&quot;:&quot;px&quot;,&quot;top&quot;:&quot;&quot;,&quot;right&quot;:&quot;&quot;,&quot;bottom&quot;:&quot;&quot;,&quot;left&quot;:&quot;&quot;,&quot;isLinked&quot;:true}}\">\n\t\t\t\t<div class=\"elementor-element elementor-element-77a6b6c8 e-con-full e-flex e-con e-parent\" data-id=\"77a6b6c8\" data-element_type=\"container\" data-e-type=\"container\" data-settings=\"{&quot;background_background&quot;:&quot;gradient&quot;}\">\n\t\t<div class=\"elementor-element elementor-element-660dc362 e-flex e-con-boxed e-con e-child\" data-id=\"660dc362\" data-element_type=\"container\" data-e-type=\"container\" data-settings=\"{&quot;background_background&quot;:&quot;classic&quot;}\">\n\t\t\t\t\t<div class=\"e-con-inner\">\n\t\t<div class=\"elementor-element elementor-element-63599113 e-con-full bdt-backdrop-filter-yes e-flex e-con e-child\" data-id=\"63599113\" data-element_type=\"container\" data-e-type=\"container\" data-settings=\"{&quot;background_background&quot;:&quot;classic&quot;}\">\n\t\t\t\t<div class=\"elementor-element elementor-element-5f89cb55 ui-borderanim-rotate ui-gradient elementor-invisible elementor-widget elementor-widget-image\" data-id=\"5f89cb55\" data-element_type=\"widget\" data-e-type=\"widget\" data-settings=\"{&quot;_animation&quot;:&quot;fadeInDown&quot;,&quot;_animation_delay&quot;:&quot;200&quot;}\" data-widget_type=\"image.default\">\n\t\t\t\t<div class=\"elementor-widget-container\">\n\t\t\t\t\t\t\t\t\t\t\t\t\t\t\t<img data-opt-id=624943581  fetchpriority=\"high\" decoding=\"async\" width=\"801\" height=\"801\" src=\"https:\/\/mle6vnzjawlb.i.optimole.com\/cb:421w.39ee2\/w:801\/h:801\/q:mauto\/f:best\/ig:avif\/https:\/\/www.grupogreta.es\/wp-content\/uploads\/2024\/10\/GrupoGretaFV.png\" class=\"attachment-full size-full wp-image-6\" alt=\"\" srcset=\"https:\/\/mle6vnzjawlb.i.optimole.com\/cb:421w.39ee2\/w:801\/h:801\/q:mauto\/f:best\/ig:avif\/https:\/\/www.grupogreta.es\/wp-content\/uploads\/2024\/10\/GrupoGretaFV.png 801w, https:\/\/mle6vnzjawlb.i.optimole.com\/cb:421w.39ee2\/w:300\/h:300\/q:mauto\/f:best\/ig:avif\/https:\/\/www.grupogreta.es\/wp-content\/uploads\/2024\/10\/GrupoGretaFV.png 300w, https:\/\/mle6vnzjawlb.i.optimole.com\/cb:421w.39ee2\/w:150\/h:150\/q:mauto\/f:best\/ig:avif\/https:\/\/www.grupogreta.es\/wp-content\/uploads\/2024\/10\/GrupoGretaFV.png 150w, https:\/\/mle6vnzjawlb.i.optimole.com\/cb:421w.39ee2\/w:768\/h:768\/q:mauto\/f:best\/ig:avif\/https:\/\/www.grupogreta.es\/wp-content\/uploads\/2024\/10\/GrupoGretaFV.png 768w\" sizes=\"(max-width: 801px) 100vw, 801px\" \/>\t\t\t\t\t\t\t\t\t\t\t\t\t\t\t<\/div>\n\t\t\t\t<\/div>\n\t\t\t\t<\/div>\n\t\t\t\t<div class=\"elementor-element elementor-element-52f5c3c4 elementor-widget__width-initial elementor-widget-mobile__width-inherit elementor-invisible elementor-widget elementor-widget-heading\" data-id=\"52f5c3c4\" data-element_type=\"widget\" data-e-type=\"widget\" data-settings=\"{&quot;_animation&quot;:&quot;fadeInUp&quot;,&quot;_animation_delay&quot;:&quot;200&quot;}\" data-widget_type=\"heading.default\">\n\t\t\t\t<div class=\"elementor-widget-container\">\n\t\t\t\t\t<h3 class=\"elementor-heading-title elementor-size-default\">Wir f\u00fchren Wartungsarbeiten durch.<\/h3>\t\t\t\t<\/div>\n\t\t\t\t<\/div>\n\t\t\t\t<div class=\"elementor-element elementor-element-3e0c409b elementor-widget__width-initial elementor-widget-tablet__width-initial elementor-widget-mobile__width-inherit elementor-invisible elementor-widget elementor-widget-text-editor\" data-id=\"3e0c409b\" data-element_type=\"widget\" data-e-type=\"widget\" data-settings=\"{&quot;_animation&quot;:&quot;fadeInUp&quot;,&quot;_animation_delay&quot;:&quot;240&quot;}\" data-widget_type=\"text-editor.default\">\n\t\t\t\t<div class=\"elementor-widget-container\">\n\t\t\t\t\t\t\t\t\t<p>Wir f\u00fchren derzeit eine planm\u00e4\u00dfige Wartung durch. Bitte entschuldigen Sie die Unannehmlichkeiten, wir danken Ihnen f\u00fcr Ihre Geduld.<\/p>\t\t\t\t\t\t\t\t<\/div>\n\t\t\t\t<\/div>\n\t\t\t\t\t<\/div>\n\t\t\t\t<\/div>\n\t\t\t\t<\/div>\n\t\t\t\t<section class=\"elementor-section elementor-top-section elementor-element elementor-element-8cc5507 elementor-section-boxed elementor-section-height-default elementor-section-height-default\" data-id=\"8cc5507\" data-element_type=\"section\" data-e-type=\"section\">\n\t\t\t\t\t\t<div class=\"elementor-container elementor-column-gap-default\">\n\t\t\t\t\t<div class=\"elementor-column elementor-col-100 elementor-top-column elementor-element elementor-element-d4e6391\" data-id=\"d4e6391\" data-element_type=\"column\" data-e-type=\"column\">\n\t\t\t<div class=\"elementor-widget-wrap elementor-element-populated\">\n\t\t\t\t\t\t<div class=\"elementor-element elementor-element-793548c elementor-widget elementor-widget-image\" data-id=\"793548c\" data-element_type=\"widget\" data-e-type=\"widget\" data-widget_type=\"image.default\">\n\t\t\t\t<div class=\"elementor-widget-container\">\n\t\t\t\t\t\t\t\t\t\t\t\t\t\t\t<img data-opt-id=730530007  fetchpriority=\"high\" decoding=\"async\" width=\"1600\" height=\"648\" src=\"https:\/\/mle6vnzjawlb.i.optimole.com\/cb:421w.39ee2\/w:1600\/h:648\/q:mauto\/f:best\/ig:avif\/https:\/\/www.grupogreta.es\/wp-content\/uploads\/2024\/10\/GrupoGreta-1.png\" class=\"attachment-2048x2048 size-2048x2048 wp-image-604\" alt=\"\" srcset=\"https:\/\/mle6vnzjawlb.i.optimole.com\/cb:421w.39ee2\/w:1600\/h:648\/q:mauto\/f:best\/ig:avif\/https:\/\/www.grupogreta.es\/wp-content\/uploads\/2024\/10\/GrupoGreta-1.png 1600w, https:\/\/mle6vnzjawlb.i.optimole.com\/cb:421w.39ee2\/w:300\/h:122\/q:mauto\/f:best\/ig:avif\/https:\/\/www.grupogreta.es\/wp-content\/uploads\/2024\/10\/GrupoGreta-1.png 300w, https:\/\/mle6vnzjawlb.i.optimole.com\/cb:421w.39ee2\/w:1024\/h:415\/q:mauto\/f:best\/ig:avif\/https:\/\/www.grupogreta.es\/wp-content\/uploads\/2024\/10\/GrupoGreta-1.png 1024w, https:\/\/mle6vnzjawlb.i.optimole.com\/cb:421w.39ee2\/w:768\/h:311\/q:mauto\/f:best\/ig:avif\/https:\/\/www.grupogreta.es\/wp-content\/uploads\/2024\/10\/GrupoGreta-1.png 768w, https:\/\/mle6vnzjawlb.i.optimole.com\/cb:421w.39ee2\/w:1536\/h:622\/q:mauto\/f:best\/ig:avif\/https:\/\/www.grupogreta.es\/wp-content\/uploads\/2024\/10\/GrupoGreta-1.png 1536w, https:\/\/mle6vnzjawlb.i.optimole.com\/cb:421w.39ee2\/w:650\/h:263\/q:mauto\/f:best\/ig:avif\/https:\/\/www.grupogreta.es\/wp-content\/uploads\/2024\/10\/GrupoGreta-1.png 650w\" sizes=\"(max-width: 1000px) 100vw, 1000px\" \/>\t\t\t\t\t\t\t\t\t\t\t\t\t\t\t<\/div>\n\t\t\t\t<\/div>\n\t\t\t\t<div class=\"elementor-element elementor-element-90e4407 elementor-align-center elementor-list-item-link-full_width elementor-widget elementor-widget-icon-list\" data-id=\"90e4407\" data-element_type=\"widget\" data-e-type=\"widget\" data-widget_type=\"icon-list.default\">\n\t\t\t\t<div class=\"elementor-widget-container\">\n\t\t\t\t\t\t\t<ul class=\"elementor-icon-list-items\">\n\t\t\t\t\t\t\t<li class=\"elementor-icon-list-item\">\n\t\t\t\t\t\t\t\t\t\t\t<a href=\"mailto:info@grupogreta.es\">\n\n\t\t\t\t\t\t\t\t\t\t\t\t<span class=\"elementor-icon-list-icon\">\n\t\t\t\t\t\t\t<svg aria-hidden=\"true\" class=\"e-font-icon-svg e-far-envelope\" viewBox=\"0 0 512 512\" xmlns=\"http:\/\/www.w3.org\/2000\/svg\"><path d=\"M464 64H48C21.49 64 0 85.49 0 112v288c0 26.51 21.49 48 48 48h416c26.51 0 48-21.49 48-48V112c0-26.51-21.49-48-48-48zm0 48v40.805c-22.422 18.259-58.168 46.651-134.587 106.49-16.841 13.247-50.201 45.072-73.413 44.701-23.208.375-56.579-31.459-73.413-44.701C106.18 199.465 70.425 171.067 48 152.805V112h416zM48 400V214.398c22.914 18.251 55.409 43.862 104.938 82.646 21.857 17.205 60.134 55.186 103.062 54.955 42.717.231 80.509-37.199 103.053-54.947 49.528-38.783 82.032-64.401 104.947-82.653V400H48z\"><\/path><\/svg>\t\t\t\t\t\t<\/span>\n\t\t\t\t\t\t\t\t\t\t<span class=\"elementor-icon-list-text\">info@grupogreta.es<\/span>\n\t\t\t\t\t\t\t\t\t\t\t<\/a>\n\t\t\t\t\t\t\t\t\t<\/li>\n\t\t\t\t\t\t\t\t<li class=\"elementor-icon-list-item\">\n\t\t\t\t\t\t\t\t\t\t\t<a href=\"\">\n\n\t\t\t\t\t\t\t\t\t\t\t\t<span class=\"elementor-icon-list-icon\">\n\t\t\t\t\t\t\t<i aria-hidden=\"true\" class=\"ti ti-headphone-alt\"><\/i>\t\t\t\t\t\t<\/span>\n\t\t\t\t\t\t\t\t\t\t<span class=\"elementor-icon-list-text\">+34877915521<\/span>\n\t\t\t\t\t\t\t\t\t\t\t<\/a>\n\t\t\t\t\t\t\t\t\t<\/li>\n\t\t\t\t\t\t\t\t<li class=\"elementor-icon-list-item\">\n\t\t\t\t\t\t\t\t\t\t\t<span class=\"elementor-icon-list-icon\">\n\t\t\t\t\t\t\t<i aria-hidden=\"true\" class=\"ti ti-location-pin\"><\/i>\t\t\t\t\t\t<\/span>\n\t\t\t\t\t\t\t\t\t\t<span class=\"elementor-icon-list-text\">Carrer Ametllers 2, PI Aubals - 43770 Mora la Nova (Tarragona, Spanien)<\/span>\n\t\t\t\t\t\t\t\t\t<\/li>\n\t\t\t\t\t\t<\/ul>\n\t\t\t\t\t\t<\/div>\n\t\t\t\t<\/div>\n\t\t\t\t\t<\/div>\n\t\t<\/div>\n\t\t\t\t\t<\/div>\n\t\t<\/section>\n\t\t\t\t<\/div>\n\t\t","protected":false},"excerpt":{"rendered":"<p>Wir f\u00fchren Wartungsarbeiten durch. Wir f\u00fchren derzeit eine planm\u00e4\u00dfige Wartung durch. Bitte entschuldigen Sie die Unannehmlichkeiten, wir danken Ihnen f\u00fcr Ihre Geduld. [&hellip;]<\/p>\n","protected":false},"author":1,"featured_media":0,"parent":0,"menu_order":0,"comment_status":"closed","ping_status":"closed","template":"","meta":{"footnotes":""},"class_list":["post-1285","page","type-page","status-publish","hentry"],"yoast_head":"<!-- This site is optimized with the Yoast SEO plugin v27.1.1 - https:\/\/yoast.com\/product\/yoast-seo-wordpress\/ -->\n<title>Wartung - Grupo Greta<\/title>\n<meta name=\"robots\" content=\"index, follow, max-snippet:-1, max-image-preview:large, max-video-preview:-1\" \/>\n<link rel=\"canonical\" href=\"https:\/\/www.grupogreta.es\/de\/wartung\/\" \/>\n<meta property=\"og:locale\" content=\"de_DE\" \/>\n<meta property=\"og:type\" content=\"article\" \/>\n<meta property=\"og:title\" content=\"Wartung - Grupo Greta\" \/>\n<meta property=\"og:description\" content=\"Wir f\u00fchren Wartungsarbeiten durch. Wir f\u00fchren derzeit eine planm\u00e4\u00dfige Wartung durch. Bitte entschuldigen Sie die Unannehmlichkeiten, wir danken Ihnen f\u00fcr Ihre Geduld. [&hellip;]\" \/>\n<meta property=\"og:url\" content=\"https:\/\/www.grupogreta.es\/de\/wartung\/\" \/>\n<meta property=\"og:site_name\" content=\"Grupo Greta\" \/>\n<meta property=\"article:modified_time\" content=\"2025-03-24T16:44:06+00:00\" \/>\n<meta property=\"og:image\" content=\"https:\/\/mle6vnzjawlb.i.optimole.com\/cb:421w.39ee2\/w:auto\/h:auto\/q:mauto\/f:best\/ig:avif\/https:\/\/www.grupogreta.es\/wp-content\/uploads\/2024\/10\/GrupoGretaFV.png\" \/>\n\t<meta property=\"og:image:width\" content=\"801\" \/>\n\t<meta property=\"og:image:height\" content=\"801\" \/>\n\t<meta property=\"og:image:type\" content=\"image\/png\" \/>\n<meta name=\"twitter:card\" content=\"summary_large_image\" \/>\n<script type=\"application\/ld+json\" class=\"yoast-schema-graph\">{\"@context\":\"https:\/\/schema.org\",\"@graph\":[{\"@type\":\"WebPage\",\"@id\":\"https:\/\/www.grupogreta.es\/de\/wartung\/\",\"url\":\"https:\/\/www.grupogreta.es\/de\/wartung\/\",\"name\":\"Wartung - Grupo Greta\",\"isPartOf\":{\"@id\":\"https:\/\/www.grupogreta.es\/de\/#website\"},\"primaryImageOfPage\":{\"@id\":\"https:\/\/www.grupogreta.es\/de\/wartung\/#primaryimage\"},\"image\":{\"@id\":\"https:\/\/www.grupogreta.es\/de\/wartung\/#primaryimage\"},\"thumbnailUrl\":\"https:\/\/mle6vnzjawlb.i.optimole.com\/cb:421w.39ee2\/w:auto\/h:auto\/q:mauto\/f:best\/ig:avif\/https:\/\/www.grupogreta.es\/wp-content\/uploads\/2024\/10\/GrupoGretaFV.png\",\"datePublished\":\"2024-10-04T16:04:56+00:00\",\"dateModified\":\"2025-03-24T16:44:06+00:00\",\"breadcrumb\":{\"@id\":\"https:\/\/www.grupogreta.es\/de\/wartung\/#breadcrumb\"},\"inLanguage\":\"de\",\"potentialAction\":[{\"@type\":\"ReadAction\",\"target\":[\"https:\/\/www.grupogreta.es\/de\/wartung\/\"]}]},{\"@type\":\"ImageObject\",\"inLanguage\":\"de\",\"@id\":\"https:\/\/www.grupogreta.es\/de\/wartung\/#primaryimage\",\"url\":\"https:\/\/mle6vnzjawlb.i.optimole.com\/cb:421w.39ee2\/w:auto\/h:auto\/q:mauto\/f:best\/ig:avif\/https:\/\/www.grupogreta.es\/wp-content\/uploads\/2024\/10\/GrupoGretaFV.png\",\"contentUrl\":\"https:\/\/mle6vnzjawlb.i.optimole.com\/cb:421w.39ee2\/w:auto\/h:auto\/q:mauto\/f:best\/ig:avif\/https:\/\/www.grupogreta.es\/wp-content\/uploads\/2024\/10\/GrupoGretaFV.png\"},{\"@type\":\"BreadcrumbList\",\"@id\":\"https:\/\/www.grupogreta.es\/de\/wartung\/#breadcrumb\",\"itemListElement\":[{\"@type\":\"ListItem\",\"position\":1,\"name\":\"Portada\",\"item\":\"https:\/\/www.grupogreta.es\/de\/start\/\"},{\"@type\":\"ListItem\",\"position\":2,\"name\":\"Wartung\"}]},{\"@type\":\"WebSite\",\"@id\":\"https:\/\/www.grupogreta.es\/de\/#website\",\"url\":\"https:\/\/www.grupogreta.es\/de\/\",\"name\":\"Grupo Greta\",\"description\":\"\u00a1Si puedes imaginarlo, podemos hacerlo! Expositores, showrooms, tiendas, stands, eventos... \u00a1Est\u00e1s en las mejores manos!\",\"publisher\":{\"@id\":\"https:\/\/www.grupogreta.es\/de\/#organization\"},\"potentialAction\":[{\"@type\":\"SearchAction\",\"target\":{\"@type\":\"EntryPoint\",\"urlTemplate\":\"https:\/\/www.grupogreta.es\/de\/?s={search_term_string}\"},\"query-input\":{\"@type\":\"PropertyValueSpecification\",\"valueRequired\":true,\"valueName\":\"search_term_string\"}}],\"inLanguage\":\"de\"},{\"@type\":\"Organization\",\"@id\":\"https:\/\/www.grupogreta.es\/de\/#organization\",\"name\":\"Grupo Greta\",\"url\":\"https:\/\/www.grupogreta.es\/de\/\",\"logo\":{\"@type\":\"ImageObject\",\"inLanguage\":\"de\",\"@id\":\"https:\/\/www.grupogreta.es\/de\/#\/schema\/logo\/image\/\",\"url\":\"https:\/\/mle6vnzjawlb.i.optimole.com\/cb:421w.39ee2\/w:auto\/h:auto\/q:mauto\/f:best\/ig:avif\/https:\/\/www.grupogreta.es\/wp-content\/uploads\/2024\/10\/GrupoGretaH.png\",\"contentUrl\":\"https:\/\/mle6vnzjawlb.i.optimole.com\/cb:421w.39ee2\/w:auto\/h:auto\/q:mauto\/f:best\/ig:avif\/https:\/\/www.grupogreta.es\/wp-content\/uploads\/2024\/10\/GrupoGretaH.png\",\"width\":2000,\"height\":531,\"caption\":\"Grupo Greta\"},\"image\":{\"@id\":\"https:\/\/www.grupogreta.es\/de\/#\/schema\/logo\/image\/\"}}]}<\/script>\n<!-- \/ Yoast SEO plugin. -->","yoast_head_json":{"title":"Wartung - Grupo Greta","robots":{"index":"index","follow":"follow","max-snippet":"max-snippet:-1","max-image-preview":"max-image-preview:large","max-video-preview":"max-video-preview:-1"},"canonical":"https:\/\/www.grupogreta.es\/de\/wartung\/","og_locale":"de_DE","og_type":"article","og_title":"Wartung - Grupo Greta","og_description":"Wir f\u00fchren Wartungsarbeiten durch. Wir f\u00fchren derzeit eine planm\u00e4\u00dfige Wartung durch. Bitte entschuldigen Sie die Unannehmlichkeiten, wir danken Ihnen f\u00fcr Ihre Geduld. [&hellip;]","og_url":"https:\/\/www.grupogreta.es\/de\/wartung\/","og_site_name":"Grupo Greta","article_modified_time":"2025-03-24T16:44:06+00:00","og_image":[{"width":801,"height":801,"url":"https:\/\/mle6vnzjawlb.i.optimole.com\/cb:421w.39ee2\/w:auto\/h:auto\/q:mauto\/f:best\/ig:avif\/https:\/\/www.grupogreta.es\/wp-content\/uploads\/2024\/10\/GrupoGretaFV.png","type":"image\/png"}],"twitter_card":"summary_large_image","schema":{"@context":"https:\/\/schema.org","@graph":[{"@type":"WebPage","@id":"https:\/\/www.grupogreta.es\/de\/wartung\/","url":"https:\/\/www.grupogreta.es\/de\/wartung\/","name":"Wartung - Grupo Greta","isPartOf":{"@id":"https:\/\/www.grupogreta.es\/de\/#website"},"primaryImageOfPage":{"@id":"https:\/\/www.grupogreta.es\/de\/wartung\/#primaryimage"},"image":{"@id":"https:\/\/www.grupogreta.es\/de\/wartung\/#primaryimage"},"thumbnailUrl":"https:\/\/mle6vnzjawlb.i.optimole.com\/cb:421w.39ee2\/w:auto\/h:auto\/q:mauto\/f:best\/ig:avif\/https:\/\/www.grupogreta.es\/wp-content\/uploads\/2024\/10\/GrupoGretaFV.png","datePublished":"2024-10-04T16:04:56+00:00","dateModified":"2025-03-24T16:44:06+00:00","breadcrumb":{"@id":"https:\/\/www.grupogreta.es\/de\/wartung\/#breadcrumb"},"inLanguage":"de","potentialAction":[{"@type":"ReadAction","target":["https:\/\/www.grupogreta.es\/de\/wartung\/"]}]},{"@type":"ImageObject","inLanguage":"de","@id":"https:\/\/www.grupogreta.es\/de\/wartung\/#primaryimage","url":"https:\/\/mle6vnzjawlb.i.optimole.com\/cb:421w.39ee2\/w:auto\/h:auto\/q:mauto\/f:best\/ig:avif\/https:\/\/www.grupogreta.es\/wp-content\/uploads\/2024\/10\/GrupoGretaFV.png","contentUrl":"https:\/\/mle6vnzjawlb.i.optimole.com\/cb:421w.39ee2\/w:auto\/h:auto\/q:mauto\/f:best\/ig:avif\/https:\/\/www.grupogreta.es\/wp-content\/uploads\/2024\/10\/GrupoGretaFV.png"},{"@type":"BreadcrumbList","@id":"https:\/\/www.grupogreta.es\/de\/wartung\/#breadcrumb","itemListElement":[{"@type":"ListItem","position":1,"name":"Portada","item":"https:\/\/www.grupogreta.es\/de\/start\/"},{"@type":"ListItem","position":2,"name":"Wartung"}]},{"@type":"WebSite","@id":"https:\/\/www.grupogreta.es\/de\/#website","url":"https:\/\/www.grupogreta.es\/de\/","name":"Grupo Greta","description":"\u00a1Si puedes imaginarlo, podemos hacerlo! Expositores, showrooms, tiendas, stands, eventos... \u00a1Est\u00e1s en las mejores manos!","publisher":{"@id":"https:\/\/www.grupogreta.es\/de\/#organization"},"potentialAction":[{"@type":"SearchAction","target":{"@type":"EntryPoint","urlTemplate":"https:\/\/www.grupogreta.es\/de\/?s={search_term_string}"},"query-input":{"@type":"PropertyValueSpecification","valueRequired":true,"valueName":"search_term_string"}}],"inLanguage":"de"},{"@type":"Organization","@id":"https:\/\/www.grupogreta.es\/de\/#organization","name":"Grupo Greta","url":"https:\/\/www.grupogreta.es\/de\/","logo":{"@type":"ImageObject","inLanguage":"de","@id":"https:\/\/www.grupogreta.es\/de\/#\/schema\/logo\/image\/","url":"https:\/\/mle6vnzjawlb.i.optimole.com\/cb:421w.39ee2\/w:auto\/h:auto\/q:mauto\/f:best\/ig:avif\/https:\/\/www.grupogreta.es\/wp-content\/uploads\/2024\/10\/GrupoGretaH.png","contentUrl":"https:\/\/mle6vnzjawlb.i.optimole.com\/cb:421w.39ee2\/w:auto\/h:auto\/q:mauto\/f:best\/ig:avif\/https:\/\/www.grupogreta.es\/wp-content\/uploads\/2024\/10\/GrupoGretaH.png","width":2000,"height":531,"caption":"Grupo Greta"},"image":{"@id":"https:\/\/www.grupogreta.es\/de\/#\/schema\/logo\/image\/"}}]}},"_links":{"self":[{"href":"https:\/\/www.grupogreta.es\/de\/wp-json\/wp\/v2\/pages\/1285","targetHints":{"allow":["GET"]}}],"collection":[{"href":"https:\/\/www.grupogreta.es\/de\/wp-json\/wp\/v2\/pages"}],"about":[{"href":"https:\/\/www.grupogreta.es\/de\/wp-json\/wp\/v2\/types\/page"}],"author":[{"embeddable":true,"href":"https:\/\/www.grupogreta.es\/de\/wp-json\/wp\/v2\/users\/1"}],"replies":[{"embeddable":true,"href":"https:\/\/www.grupogreta.es\/de\/wp-json\/wp\/v2\/comments?post=1285"}],"version-history":[{"count":1,"href":"https:\/\/www.grupogreta.es\/de\/wp-json\/wp\/v2\/pages\/1285\/revisions"}],"predecessor-version":[{"id":1286,"href":"https:\/\/www.grupogreta.es\/de\/wp-json\/wp\/v2\/pages\/1285\/revisions\/1286"}],"wp:attachment":[{"href":"https:\/\/www.grupogreta.es\/de\/wp-json\/wp\/v2\/media?parent=1285"}],"curies":[{"name":"wp","href":"https:\/\/api.w.org\/{rel}","templated":true}]}}